{"id":6867,"date":"2023-10-04T17:59:38","date_gmt":"2023-10-04T17:59:38","guid":{"rendered":"https:\/\/bkd.com.mx\/?page_id=6867"},"modified":"2023-11-14T17:28:04","modified_gmt":"2023-11-14T17:28:04","slug":"acabados","status":"publish","type":"page","link":"https:\/\/bkd.com.mx\/index.php\/acabados\/","title":{"rendered":"Acabados"},"content":{"rendered":"\t\t<div data-elementor-type=\"wp-page\" data-elementor-id=\"6867\" class=\"elementor elementor-6867\">\n\t\t\t\t\t\t<section class=\"elementor-section elementor-top-section elementor-element elementor-element-9d918b6 elementor-section-boxed elementor-section-height-default elementor-section-height-default\" data-id=\"9d918b6\" data-element_type=\"section\">\n\t\t\t\t\t\t<div class=\"elementor-container elementor-column-gap-default\">\n\t\t\t\t\t<div class=\"elementor-column elementor-col-100 elementor-top-column elementor-element elementor-element-5777f90\" data-id=\"5777f90\" data-element_type=\"column\">\n\t\t\t<div class=\"elementor-widget-wrap elementor-element-populated\">\n\t\t\t\t\t\t<div class=\"elementor-element elementor-element-0c38b6a elementor-widget elementor-widget-text-editor\" data-id=\"0c38b6a\" data-element_type=\"widget\" data-widget_type=\"text-editor.default\">\n\t\t\t\t<div class=\"elementor-widget-container\">\n\t\t\t\t\t\t\t\t\t<p style=\"language: en-MX; margin-top: 6.0pt; margin-bottom: 0pt; margin-left: 0in; text-indent: 0in; text-align: left; direction: ltr; unicode-bidi: embed; mso-line-break-override: none; word-break: normal; punctuation-wrap: hanging;\"><span style=\"font-size: 18.0pt; font-family: 'Helvetica Neue'; mso-ascii-font-family: 'Helvetica Neue'; mso-fareast-font-family: +mn-ea; mso-bidi-font-family: +mn-cs; mso-fareast-theme-font: minor-fareast; mso-bidi-theme-font: minor-bidi; color: #444444; mso-font-kerning: 12.0pt; language: es; font-weight: normal; font-style: normal; mso-style-textfill-type: solid; mso-style-textfill-fill-color: #444444; mso-style-textfill-fill-alpha: 100.0%;\">Los acabados son la parte m\u00e1s visible de cualquier construcci\u00f3n, de ah\u00ed que su importancia. Dentro de las marcas que manejamos tenemos acabados para pisos, muros, interiores y exteriores\n\u00a0<\/span><span style=\"color: #444444; font-family: 'Helvetica Neue'; font-size: 18pt; font-weight: var( --e-global-typography-text-font-weight ); text-indent: 0in;\">Te recomendaremos los mejores productos para tu proyecto<\/span><\/p>\t\t\t\t\t\t\t\t<\/div>\n\t\t\t\t<\/div>\n\t\t\t\t\t<\/div>\n\t\t<\/div>\n\t\t\t\t\t<\/div>\n\t\t<\/section>\n\t\t\t\t<section class=\"elementor-section elementor-top-section elementor-element elementor-element-58a02b1 elementor-section-boxed elementor-section-height-default elementor-section-height-default\" data-id=\"58a02b1\" data-element_type=\"section\">\n\t\t\t\t\t\t<div class=\"elementor-container elementor-column-gap-default\">\n\t\t\t\t\t<div class=\"elementor-column elementor-col-100 elementor-top-column elementor-element elementor-element-eae0a85\" data-id=\"eae0a85\" data-element_type=\"column\">\n\t\t\t<div class=\"elementor-widget-wrap elementor-element-populated\">\n\t\t\t\t\t\t<div class=\"elementor-element elementor-element-de05110 elementor-widget elementor-widget-spacer\" data-id=\"de05110\" data-element_type=\"widget\" data-widget_type=\"spacer.default\">\n\t\t\t\t<div class=\"elementor-widget-container\">\n\t\t\t\t\t\t\t<div class=\"elementor-spacer\">\n\t\t\t<div class=\"elementor-spacer-inner\"><\/div>\n\t\t<\/div>\n\t\t\t\t\t\t<\/div>\n\t\t\t\t<\/div>\n\t\t\t\t\t<\/div>\n\t\t<\/div>\n\t\t\t\t\t<\/div>\n\t\t<\/section>\n\t\t\t\t<section class=\"elementor-section elementor-top-section elementor-element elementor-element-13b3d1b elementor-section-boxed elementor-section-height-default elementor-section-height-default\" data-id=\"13b3d1b\" data-element_type=\"section\">\n\t\t\t\t\t\t<div class=\"elementor-container elementor-column-gap-default\">\n\t\t\t\t\t<div class=\"elementor-column elementor-col-100 elementor-top-column elementor-element elementor-element-551faf7\" data-id=\"551faf7\" data-element_type=\"column\">\n\t\t\t<div class=\"elementor-widget-wrap elementor-element-populated\">\n\t\t\t\t\t\t<div class=\"elementor-element elementor-element-7db4a93 elementor-widget elementor-widget-wpzoom-elementor-addons-carousel\" data-id=\"7db4a93\" data-element_type=\"widget\" data-settings=\"{&quot;animation_speed&quot;:300,&quot;autoplay&quot;:&quot;yes&quot;,&quot;autoplay_speed&quot;:3000,&quot;loop&quot;:&quot;yes&quot;,&quot;navigation&quot;:&quot;arrow&quot;,&quot;slides_to_show&quot;:4,&quot;slides_to_show_tablet&quot;:3,&quot;slides_to_show_mobile&quot;:2}\" data-widget_type=\"wpzoom-elementor-addons-carousel.default\">\n\t\t\t\t<div class=\"elementor-widget-container\">\n\t\t\t\t\t<div class=\"wpzjs-slick wpz-slick wpz-slick--carousel\">\n\n\t\t\t\n\t\t\t\t<div class=\"wpz-slick-slide\">\n\t\t\t\t\t<a class=\"wpz-slick-item\" href=\"https:\/\/bkd.com.mx\/index.php\/castel\/\">\n\t\t\t\t\t\t\t\t\t\t\t\t\t<img decoding=\"async\" class=\"wpz-slick-img\" src=\"https:\/\/bkd.com.mx\/wp-content\/uploads\/2023\/09\/Picture1.png-5.png\" alt=\"\">\n\t\t\t\t\t\t\n\t\t\t\t\t\t\t\t\t\t\t<\/a>\n\t\t\t\t<\/div>\n\n\t\t\t\n\t\t\t\t<div class=\"wpz-slick-slide\">\n\t\t\t\t\t<a class=\"wpz-slick-item\" href=\"https:\/\/bkd.com.mx\/index.php\/cesantoni\/\">\n\t\t\t\t\t\t\t\t\t\t\t\t\t<img decoding=\"async\" class=\"wpz-slick-img\" src=\"https:\/\/bkd.com.mx\/wp-content\/uploads\/2023\/11\/LOGO_CESANTONI-original-1-768x99.png\" alt=\"\">\n\t\t\t\t\t\t\n\t\t\t\t\t\t\t\t\t\t\t<\/a>\n\t\t\t\t<\/div>\n\n\t\t\t\n\t\t\t\t<div class=\"wpz-slick-slide\">\n\t\t\t\t\t<a class=\"wpz-slick-item\" href=\"https:\/\/bkd.com.mx\/index.php\/dune\/\">\n\t\t\t\t\t\t\t\t\t\t\t\t\t<img decoding=\"async\" class=\"wpz-slick-img\" src=\"https:\/\/bkd.com.mx\/wp-content\/uploads\/2023\/11\/logo-1.png\" alt=\"\">\n\t\t\t\t\t\t\n\t\t\t\t\t\t\t\t\t\t\t<\/a>\n\t\t\t\t<\/div>\n\n\t\t\t\n\t\t\t\t<div class=\"wpz-slick-slide\">\n\t\t\t\t\t<a class=\"wpz-slick-item\" href=\"https:\/\/bkd.com.mx\/index.php\/la-valentina-mosaicos\/\">\n\t\t\t\t\t\t\t\t\t\t\t\t\t<img decoding=\"async\" class=\"wpz-slick-img\" src=\"https:\/\/bkd.com.mx\/wp-content\/uploads\/2023\/11\/Picture1-Background-Removed.png\" alt=\"\">\n\t\t\t\t\t\t\n\t\t\t\t\t\t\t\t\t\t\t<\/a>\n\t\t\t\t<\/div>\n\n\t\t\t\n\t\t<\/div>\n\n\t\t\t\t\t<button type=\"button\" class=\"slick-prev\"><i aria-hidden=\"true\" class=\"fas fa-chevron-left\"><\/i><\/button>\n\t\t\n\t\t\t\t\t<button type=\"button\" class=\"slick-next\"><i aria-hidden=\"true\" class=\"fas fa-chevron-right\"><\/i><\/button>\n\t\t\n\t\t\t\t\t\t<\/div>\n\t\t\t\t<\/div>\n\t\t\t\t\t<\/div>\n\t\t<\/div>\n\t\t\t\t\t<\/div>\n\t\t<\/section>\n\t\t\t\t<section class=\"elementor-section elementor-top-section elementor-element elementor-element-a031808 elementor-section-boxed elementor-section-height-default elementor-section-height-default\" data-id=\"a031808\" data-element_type=\"section\">\n\t\t\t\t\t\t<div class=\"elementor-container elementor-column-gap-default\">\n\t\t\t\t\t<div class=\"elementor-column elementor-col-100 elementor-top-column elementor-element elementor-element-f14320e\" data-id=\"f14320e\" data-element_type=\"column\">\n\t\t\t<div class=\"elementor-widget-wrap elementor-element-populated\">\n\t\t\t\t\t\t<div class=\"elementor-element elementor-element-282cc98 elementor-widget elementor-widget-spacer\" data-id=\"282cc98\" data-element_type=\"widget\" data-widget_type=\"spacer.default\">\n\t\t\t\t<div class=\"elementor-widget-container\">\n\t\t\t\t\t\t\t<div class=\"elementor-spacer\">\n\t\t\t<div class=\"elementor-spacer-inner\"><\/div>\n\t\t<\/div>\n\t\t\t\t\t\t<\/div>\n\t\t\t\t<\/div>\n\t\t\t\t\t<\/div>\n\t\t<\/div>\n\t\t\t\t\t<\/div>\n\t\t<\/section>\n\t\t\t\t<section class=\"elementor-section elementor-top-section elementor-element elementor-element-b09f713 elementor-section-boxed elementor-section-height-default elementor-section-height-default\" data-id=\"b09f713\" data-element_type=\"section\">\n\t\t\t\t\t\t<div class=\"elementor-container elementor-column-gap-default\">\n\t\t\t\t\t<div class=\"elementor-column elementor-col-50 elementor-top-column elementor-element elementor-element-11aea95\" data-id=\"11aea95\" data-element_type=\"column\">\n\t\t\t<div class=\"elementor-widget-wrap elementor-element-populated\">\n\t\t\t\t\t\t<div class=\"elementor-element elementor-element-7776325 elementor-widget elementor-widget-wpforms\" data-id=\"7776325\" data-element_type=\"widget\" data-widget_type=\"wpforms.default\">\n\t\t\t\t<div class=\"elementor-widget-container\">\n\t\t\t\t\t<style id=\"wpforms-css-vars-elementor-widget-7776325\">\n\t\t\t\t.elementor-widget-wpforms.elementor-element-7776325 {\n\t\t\t\t--wpforms-button-background-color: #D02CB9;\n--wpforms-field-size-input-height: 43px;\n--wpforms-field-size-input-spacing: 15px;\n--wpforms-field-size-font-size: 16px;\n--wpforms-field-size-line-height: 19px;\n--wpforms-field-size-padding-h: 14px;\n--wpforms-field-size-checkbox-size: 16px;\n--wpforms-field-size-sublabel-spacing: 5px;\n--wpforms-field-size-icon-size: 1;\n--wpforms-label-size-font-size: 16px;\n--wpforms-label-size-line-height: 19px;\n--wpforms-label-size-sublabel-font-size: 14px;\n--wpforms-label-size-sublabel-line-height: 17px;\n--wpforms-button-size-font-size: 17px;\n--wpforms-button-size-height: 41px;\n--wpforms-button-size-padding-h: 15px;\n--wpforms-button-size-margin-top: 10px;\n\n\t\t\t}\n\t\t\t<\/style><div class=\"wpforms-container wpforms-container-full wpforms-render-modern\" id=\"wpforms-29\"><form id=\"wpforms-form-29\" class=\"wpforms-validate wpforms-form wpforms-ajax-form\" data-formid=\"29\" method=\"post\" enctype=\"multipart\/form-data\" action=\"\/index.php\/wp-json\/wp\/v2\/pages\/6867\" data-token=\"60929e8ed24a0faccb2b9f952c97c6cc\" data-token-time=\"1778066477\"><noscript class=\"wpforms-error-noscript\">Please enable JavaScript in your browser to complete this form.<\/noscript><div class=\"wpforms-hidden\" id=\"wpforms-error-noscript\">Please enable JavaScript in your browser to complete this form.<\/div><div class=\"wpforms-field-container\"><div id=\"wpforms-29-field_0-container\" class=\"wpforms-field wpforms-field-name\" data-field-id=\"0\"><label class=\"wpforms-field-label\" for=\"wpforms-29-field_0\">Nombre <span class=\"wpforms-required-label\" aria-hidden=\"true\">*<\/span><\/label><input type=\"text\" id=\"wpforms-29-field_0\" class=\"wpforms-field-medium wpforms-field-required\" name=\"wpforms[fields][0]\" aria-errormessage=\"wpforms-29-field_0-error\" required><\/div><div id=\"wpforms-29-field_1-container\" class=\"wpforms-field wpforms-field-email\" data-field-id=\"1\"><label class=\"wpforms-field-label\" for=\"wpforms-29-field_1\">Correo <span class=\"wpforms-required-label\" aria-hidden=\"true\">*<\/span><\/label><input type=\"email\" id=\"wpforms-29-field_1\" class=\"wpforms-field-medium wpforms-field-required\" name=\"wpforms[fields][1]\" spellcheck=\"false\" aria-errormessage=\"wpforms-29-field_1-error\" required><\/div><div id=\"wpforms-29-field_2-container\" class=\"wpforms-field wpforms-field-textarea\" data-field-id=\"2\"><label class=\"wpforms-field-label\" for=\"wpforms-29-field_2\">Mensaje<\/label><textarea id=\"wpforms-29-field_2\" class=\"wpforms-field-medium\" name=\"wpforms[fields][2]\" aria-errormessage=\"wpforms-29-field_2-error\" ><\/textarea><\/div><\/div><!-- .wpforms-field-container --><div class=\"wpforms-submit-container\" ><input type=\"hidden\" name=\"wpforms[id]\" value=\"29\"><input type=\"hidden\" name=\"page_title\" value=\"\"><input type=\"hidden\" name=\"page_url\" value=\"https:\/\/bkd.com.mx\/index.php\/wp-json\/wp\/v2\/pages\/6867\"><button type=\"submit\" name=\"wpforms[submit]\" id=\"wpforms-submit-29\" class=\"wpforms-submit\" data-alt-text=\"Enviando...\" data-submit-text=\"Enviar\" aria-live=\"assertive\" value=\"wpforms-submit\">Enviar<\/button><img decoding=\"async\" src=\"https:\/\/bkd.com.mx\/wp-content\/plugins\/wpforms-lite\/assets\/images\/submit-spin.svg\" class=\"wpforms-submit-spinner\" style=\"display: none;\" width=\"26\" height=\"26\" alt=\"Loading\"><\/div><\/form><\/div>  <!-- .wpforms-container -->\t\t\t\t<\/div>\n\t\t\t\t<\/div>\n\t\t\t\t\t<\/div>\n\t\t<\/div>\n\t\t\t\t<div class=\"elementor-column elementor-col-50 elementor-top-column elementor-element elementor-element-5b634b3\" data-id=\"5b634b3\" data-element_type=\"column\">\n\t\t\t<div class=\"elementor-widget-wrap elementor-element-populated\">\n\t\t\t\t\t\t<div class=\"elementor-element elementor-element-5d86a8f elementor-widget elementor-widget-image\" data-id=\"5d86a8f\" data-element_type=\"widget\" data-widget_type=\"image.default\">\n\t\t\t\t<div class=\"elementor-widget-container\">\n\t\t\t\t\t\t\t\t\t\t\t\t\t\t\t<img fetchpriority=\"high\" decoding=\"async\" width=\"324\" height=\"405\" src=\"https:\/\/bkd.com.mx\/wp-content\/uploads\/2023\/09\/Picture1-1.jpg\" class=\"attachment-large size-large wp-image-6691\" alt=\"\" srcset=\"https:\/\/bkd.com.mx\/wp-content\/uploads\/2023\/09\/Picture1-1.jpg 324w, https:\/\/bkd.com.mx\/wp-content\/uploads\/2023\/09\/Picture1-1-240x300.jpg 240w\" sizes=\"100vw\" \/>\t\t\t\t\t\t\t\t\t\t\t\t\t\t\t<\/div>\n\t\t\t\t<\/div>\n\t\t\t\t\t<\/div>\n\t\t<\/div>\n\t\t\t\t\t<\/div>\n\t\t<\/section>\n\t\t\t\t<\/div>\n\t\t","protected":false},"excerpt":{"rendered":"<p>Los acabados son la parte m\u00e1s visible de cualquier construcci\u00f3n, de ah\u00ed que su importancia. Dentro de las marcas que manejamos tenemos acabados para pisos, muros, interiores y exteriores Te recomendaremos los mejores productos para tu proyecto Please enable JavaScript in your browser to complete this form.Please enable JavaScript in your browser to complete this &hellip; <\/p>\n<p class=\"link-more\"><a href=\"https:\/\/bkd.com.mx\/index.php\/acabados\/\" class=\"more-link\">Read more<span class=\"screen-reader-text\"> &#8220;Acabados&#8221;<\/span><\/a><\/p>\n","protected":false},"author":1,"featured_media":7576,"parent":0,"menu_order":0,"comment_status":"closed","ping_status":"closed","template":"","meta":{"footnotes":""},"featured_media_urls":{"thumbnail":["https:\/\/bkd.com.mx\/wp-content\/uploads\/2023\/11\/Render_MUTINA_PERLINO_Lobby_HD-e1699982878118-150x150.jpg",150,150,true],"medium":["https:\/\/bkd.com.mx\/wp-content\/uploads\/2023\/11\/Render_MUTINA_PERLINO_Lobby_HD-e1699982878118-300x179.jpg",300,179,true],"medium_large":["https:\/\/bkd.com.mx\/wp-content\/uploads\/2023\/11\/Render_MUTINA_PERLINO_Lobby_HD-e1699982878118-768x457.jpg",768,457,true],"large":["https:\/\/bkd.com.mx\/wp-content\/uploads\/2023\/11\/Render_MUTINA_PERLINO_Lobby_HD-e1699982878118-1024x609.jpg",950,565,true],"1536x1536":["https:\/\/bkd.com.mx\/wp-content\/uploads\/2023\/11\/Render_MUTINA_PERLINO_Lobby_HD-e1699982878118.jpg",1200,714,false],"2048x2048":["https:\/\/bkd.com.mx\/wp-content\/uploads\/2023\/11\/Render_MUTINA_PERLINO_Lobby_HD-e1699982878118.jpg",1200,714,false],"inspiro-featured-image":["https:\/\/bkd.com.mx\/wp-content\/uploads\/2023\/11\/Render_MUTINA_PERLINO_Lobby_HD-e1699982878118.jpg",1200,714,false],"inspiro-loop":["https:\/\/bkd.com.mx\/wp-content\/uploads\/2023\/11\/Render_MUTINA_PERLINO_Lobby_HD-e1699982878118-950x320.jpg",950,320,true],"inspiro-loop@2x":["https:\/\/bkd.com.mx\/wp-content\/uploads\/2023\/11\/Render_MUTINA_PERLINO_Lobby_HD-e1699982878118-1200x640.jpg",1200,640,true],"portfolio_item-thumbnail":["https:\/\/bkd.com.mx\/wp-content\/uploads\/2023\/11\/Render_MUTINA_PERLINO_Lobby_HD-e1699982878118-600x400.jpg",600,400,true],"portfolio_item-thumbnail@2x":["https:\/\/bkd.com.mx\/wp-content\/uploads\/2023\/11\/Render_MUTINA_PERLINO_Lobby_HD-1200x800.jpg",1200,800,true],"portfolio_item-masonry":["https:\/\/bkd.com.mx\/wp-content\/uploads\/2023\/11\/Render_MUTINA_PERLINO_Lobby_HD-e1699982878118-600x357.jpg",600,357,true],"portfolio_item-masonry@2x":["https:\/\/bkd.com.mx\/wp-content\/uploads\/2023\/11\/Render_MUTINA_PERLINO_Lobby_HD-e1699982878118.jpg",1200,714,false],"portfolio_item-thumbnail_cinema":["https:\/\/bkd.com.mx\/wp-content\/uploads\/2023\/11\/Render_MUTINA_PERLINO_Lobby_HD-e1699982878118-800x335.jpg",800,335,true],"portfolio_item-thumbnail_portrait":["https:\/\/bkd.com.mx\/wp-content\/uploads\/2023\/11\/Render_MUTINA_PERLINO_Lobby_HD-e1699982878118-600x714.jpg",600,714,true],"portfolio_item-thumbnail_portrait@2x":["https:\/\/bkd.com.mx\/wp-content\/uploads\/2023\/11\/Render_MUTINA_PERLINO_Lobby_HD-e1699982878118.jpg",1200,714,false],"portfolio_item-thumbnail_square":["https:\/\/bkd.com.mx\/wp-content\/uploads\/2023\/11\/Render_MUTINA_PERLINO_Lobby_HD-e1699982878118-800x714.jpg",800,714,true]},"_links":{"self":[{"href":"https:\/\/bkd.com.mx\/index.php\/wp-json\/wp\/v2\/pages\/6867"}],"collection":[{"href":"https:\/\/bkd.com.mx\/index.php\/wp-json\/wp\/v2\/pages"}],"about":[{"href":"https:\/\/bkd.com.mx\/index.php\/wp-json\/wp\/v2\/types\/page"}],"author":[{"embeddable":true,"href":"https:\/\/bkd.com.mx\/index.php\/wp-json\/wp\/v2\/users\/1"}],"replies":[{"embeddable":true,"href":"https:\/\/bkd.com.mx\/index.php\/wp-json\/wp\/v2\/comments?post=6867"}],"version-history":[{"count":13,"href":"https:\/\/bkd.com.mx\/index.php\/wp-json\/wp\/v2\/pages\/6867\/revisions"}],"predecessor-version":[{"id":7577,"href":"https:\/\/bkd.com.mx\/index.php\/wp-json\/wp\/v2\/pages\/6867\/revisions\/7577"}],"wp:featuredmedia":[{"embeddable":true,"href":"https:\/\/bkd.com.mx\/index.php\/wp-json\/wp\/v2\/media\/7576"}],"wp:attachment":[{"href":"https:\/\/bkd.com.mx\/index.php\/wp-json\/wp\/v2\/media?parent=6867"}],"curies":[{"name":"wp","href":"https:\/\/api.w.org\/{rel}","templated":true}]}}