{"id":6969,"date":"2023-10-16T04:25:09","date_gmt":"2023-10-16T04:25:09","guid":{"rendered":"https:\/\/bkd.com.mx\/?page_id=6969"},"modified":"2023-11-14T04:37:55","modified_gmt":"2023-11-14T04:37:55","slug":"af","status":"publish","type":"page","link":"https:\/\/bkd.com.mx\/index.php\/af\/","title":{"rendered":"AF"},"content":{"rendered":"\t\t<div data-elementor-type=\"wp-page\" data-elementor-id=\"6969\" class=\"elementor elementor-6969\">\n\t\t\t\t\t\t<section class=\"elementor-section elementor-top-section elementor-element elementor-element-1f21174 elementor-section-boxed elementor-section-height-default elementor-section-height-default\" data-id=\"1f21174\" data-element_type=\"section\">\n\t\t\t\t\t\t<div class=\"elementor-container elementor-column-gap-default\">\n\t\t\t\t\t<div class=\"elementor-column elementor-col-100 elementor-top-column elementor-element elementor-element-0e22f96\" data-id=\"0e22f96\" data-element_type=\"column\">\n\t\t\t<div class=\"elementor-widget-wrap elementor-element-populated\">\n\t\t\t\t\t\t<div class=\"elementor-element elementor-element-b10ddb4 elementor-widget elementor-widget-text-editor\" data-id=\"b10ddb4\" data-element_type=\"widget\" data-widget_type=\"text-editor.default\">\n\t\t\t\t<div class=\"elementor-widget-container\">\n\t\t\t\t\t\t\t\t\t<p style=\"language: en-MX; margin-top: 6.0pt; margin-bottom: 0pt; margin-left: 0in; text-indent: 0in; text-align: left; direction: ltr; unicode-bidi: embed; mso-line-break-override: none; word-break: normal; punctuation-wrap: hanging;\"><span style=\"color: #444444; font-family: 'Helvetica Neue'; font-size: 18pt; font-weight: var( --e-global-typography-text-font-weight ); text-indent: 0in;\">Por m\u00e1s de 30 a\u00f1os ha sido la principal fuente de suministro de productos de lujo para el equipamiento de ba\u00f1os para la comunidad arquitect\u00f3nica y de dise\u00f1o en Estados Unidos.<\/span><\/p>\t\t\t\t\t\t\t\t<\/div>\n\t\t\t\t<\/div>\n\t\t\t\t\t<\/div>\n\t\t<\/div>\n\t\t\t\t\t<\/div>\n\t\t<\/section>\n\t\t\t\t<section class=\"elementor-section elementor-top-section elementor-element elementor-element-6c13306 elementor-section-boxed elementor-section-height-default elementor-section-height-default\" data-id=\"6c13306\" data-element_type=\"section\">\n\t\t\t\t\t\t<div class=\"elementor-container elementor-column-gap-default\">\n\t\t\t\t\t<div class=\"elementor-column elementor-col-100 elementor-top-column elementor-element elementor-element-5955005\" data-id=\"5955005\" data-element_type=\"column\">\n\t\t\t<div class=\"elementor-widget-wrap elementor-element-populated\">\n\t\t\t\t\t\t<div class=\"elementor-element elementor-element-a656a42 elementor-widget elementor-widget-spacer\" data-id=\"a656a42\" data-element_type=\"widget\" data-widget_type=\"spacer.default\">\n\t\t\t\t<div class=\"elementor-widget-container\">\n\t\t\t\t\t\t\t<div class=\"elementor-spacer\">\n\t\t\t<div class=\"elementor-spacer-inner\"><\/div>\n\t\t<\/div>\n\t\t\t\t\t\t<\/div>\n\t\t\t\t<\/div>\n\t\t\t\t\t<\/div>\n\t\t<\/div>\n\t\t\t\t\t<\/div>\n\t\t<\/section>\n\t\t\t\t<section class=\"elementor-section elementor-top-section elementor-element elementor-element-dd31600 elementor-section-boxed elementor-section-height-default elementor-section-height-default\" data-id=\"dd31600\" data-element_type=\"section\">\n\t\t\t\t\t\t<div class=\"elementor-container elementor-column-gap-default\">\n\t\t\t\t\t<div class=\"elementor-column elementor-col-33 elementor-top-column elementor-element elementor-element-9a38738\" data-id=\"9a38738\" data-element_type=\"column\">\n\t\t\t<div class=\"elementor-widget-wrap elementor-element-populated\">\n\t\t\t\t\t\t<div class=\"elementor-element elementor-element-dda7bda elementor-widget elementor-widget-image\" data-id=\"dda7bda\" data-element_type=\"widget\" data-widget_type=\"image.default\">\n\t\t\t\t<div class=\"elementor-widget-container\">\n\t\t\t\t\t\t\t\t\t\t\t\t\t\t\t<img fetchpriority=\"high\" decoding=\"async\" width=\"276\" height=\"308\" src=\"https:\/\/bkd.com.mx\/wp-content\/uploads\/2023\/11\/afPicture3.png\" class=\"attachment-large size-large wp-image-7127\" alt=\"\" srcset=\"https:\/\/bkd.com.mx\/wp-content\/uploads\/2023\/11\/afPicture3.png 276w, https:\/\/bkd.com.mx\/wp-content\/uploads\/2023\/11\/afPicture3-269x300.png 269w\" sizes=\"100vw\" \/>\t\t\t\t\t\t\t\t\t\t\t\t\t\t\t<\/div>\n\t\t\t\t<\/div>\n\t\t\t\t\t<\/div>\n\t\t<\/div>\n\t\t\t\t<div class=\"elementor-column elementor-col-33 elementor-top-column elementor-element elementor-element-b4779b3\" data-id=\"b4779b3\" data-element_type=\"column\">\n\t\t\t<div class=\"elementor-widget-wrap elementor-element-populated\">\n\t\t\t\t\t\t<div class=\"elementor-element elementor-element-305c288 elementor-widget elementor-widget-image\" data-id=\"305c288\" data-element_type=\"widget\" data-widget_type=\"image.default\">\n\t\t\t\t<div class=\"elementor-widget-container\">\n\t\t\t\t\t\t\t\t\t\t\t\t\t\t\t<img decoding=\"async\" width=\"189\" height=\"321\" src=\"https:\/\/bkd.com.mx\/wp-content\/uploads\/2023\/11\/afPicture1.png\" class=\"attachment-large size-large wp-image-7125\" alt=\"\" srcset=\"https:\/\/bkd.com.mx\/wp-content\/uploads\/2023\/11\/afPicture1.png 189w, https:\/\/bkd.com.mx\/wp-content\/uploads\/2023\/11\/afPicture1-177x300.png 177w\" sizes=\"100vw\" \/>\t\t\t\t\t\t\t\t\t\t\t\t\t\t\t<\/div>\n\t\t\t\t<\/div>\n\t\t\t\t\t<\/div>\n\t\t<\/div>\n\t\t\t\t<div class=\"elementor-column elementor-col-33 elementor-top-column elementor-element elementor-element-009975a\" data-id=\"009975a\" data-element_type=\"column\">\n\t\t\t<div class=\"elementor-widget-wrap elementor-element-populated\">\n\t\t\t\t\t\t<div class=\"elementor-element elementor-element-0c75349 elementor-widget elementor-widget-image\" data-id=\"0c75349\" data-element_type=\"widget\" data-widget_type=\"image.default\">\n\t\t\t\t<div class=\"elementor-widget-container\">\n\t\t\t\t\t\t\t\t\t\t\t\t\t\t\t<img decoding=\"async\" width=\"344\" height=\"242\" src=\"https:\/\/bkd.com.mx\/wp-content\/uploads\/2023\/11\/afPicture2.png\" class=\"attachment-large size-large wp-image-7126\" alt=\"\" srcset=\"https:\/\/bkd.com.mx\/wp-content\/uploads\/2023\/11\/afPicture2.png 344w, https:\/\/bkd.com.mx\/wp-content\/uploads\/2023\/11\/afPicture2-300x211.png 300w\" sizes=\"100vw\" \/>\t\t\t\t\t\t\t\t\t\t\t\t\t\t\t<\/div>\n\t\t\t\t<\/div>\n\t\t\t\t\t<\/div>\n\t\t<\/div>\n\t\t\t\t\t<\/div>\n\t\t<\/section>\n\t\t\t\t<section class=\"elementor-section elementor-top-section elementor-element elementor-element-4ef9b01 elementor-section-boxed elementor-section-height-default elementor-section-height-default\" data-id=\"4ef9b01\" data-element_type=\"section\">\n\t\t\t\t\t\t<div class=\"elementor-container elementor-column-gap-default\">\n\t\t\t\t\t<div class=\"elementor-column elementor-col-100 elementor-top-column elementor-element elementor-element-603c9bb\" data-id=\"603c9bb\" data-element_type=\"column\">\n\t\t\t<div class=\"elementor-widget-wrap elementor-element-populated\">\n\t\t\t\t\t\t<div class=\"elementor-element elementor-element-73a1cf0 elementor-widget elementor-widget-spacer\" data-id=\"73a1cf0\" data-element_type=\"widget\" data-widget_type=\"spacer.default\">\n\t\t\t\t<div class=\"elementor-widget-container\">\n\t\t\t\t\t\t\t<div class=\"elementor-spacer\">\n\t\t\t<div class=\"elementor-spacer-inner\"><\/div>\n\t\t<\/div>\n\t\t\t\t\t\t<\/div>\n\t\t\t\t<\/div>\n\t\t\t\t\t<\/div>\n\t\t<\/div>\n\t\t\t\t\t<\/div>\n\t\t<\/section>\n\t\t\t\t<section class=\"elementor-section elementor-top-section elementor-element elementor-element-b09f713 elementor-section-boxed elementor-section-height-default elementor-section-height-default\" data-id=\"b09f713\" data-element_type=\"section\">\n\t\t\t\t\t\t<div class=\"elementor-container elementor-column-gap-default\">\n\t\t\t\t\t<div class=\"elementor-column elementor-col-50 elementor-top-column elementor-element elementor-element-11aea95\" data-id=\"11aea95\" data-element_type=\"column\">\n\t\t\t<div class=\"elementor-widget-wrap elementor-element-populated\">\n\t\t\t\t\t\t<div class=\"elementor-element elementor-element-7776325 elementor-widget elementor-widget-wpforms\" data-id=\"7776325\" data-element_type=\"widget\" data-widget_type=\"wpforms.default\">\n\t\t\t\t<div class=\"elementor-widget-container\">\n\t\t\t\t\t<style id=\"wpforms-css-vars-elementor-widget-7776325\">\n\t\t\t\t.elementor-widget-wpforms.elementor-element-7776325 {\n\t\t\t\t--wpforms-button-background-color: #D02CB9;\n--wpforms-field-size-input-height: 43px;\n--wpforms-field-size-input-spacing: 15px;\n--wpforms-field-size-font-size: 16px;\n--wpforms-field-size-line-height: 19px;\n--wpforms-field-size-padding-h: 14px;\n--wpforms-field-size-checkbox-size: 16px;\n--wpforms-field-size-sublabel-spacing: 5px;\n--wpforms-field-size-icon-size: 1;\n--wpforms-label-size-font-size: 16px;\n--wpforms-label-size-line-height: 19px;\n--wpforms-label-size-sublabel-font-size: 14px;\n--wpforms-label-size-sublabel-line-height: 17px;\n--wpforms-button-size-font-size: 17px;\n--wpforms-button-size-height: 41px;\n--wpforms-button-size-padding-h: 15px;\n--wpforms-button-size-margin-top: 10px;\n\n\t\t\t}\n\t\t\t<\/style><div class=\"wpforms-container wpforms-container-full wpforms-render-modern\" id=\"wpforms-29\"><form id=\"wpforms-form-29\" class=\"wpforms-validate wpforms-form wpforms-ajax-form\" data-formid=\"29\" method=\"post\" enctype=\"multipart\/form-data\" action=\"\/index.php\/wp-json\/wp\/v2\/pages\/6969\" data-token=\"e05abed6422dc766d1af87ebb4cc5d08\" data-token-time=\"1776425254\"><noscript class=\"wpforms-error-noscript\">Please enable JavaScript in your browser to complete this form.<\/noscript><div class=\"wpforms-hidden\" id=\"wpforms-error-noscript\">Please enable JavaScript in your browser to complete this form.<\/div><div class=\"wpforms-field-container\"><div id=\"wpforms-29-field_0-container\" class=\"wpforms-field wpforms-field-name\" data-field-id=\"0\"><label class=\"wpforms-field-label\" for=\"wpforms-29-field_0\">Nombre <span class=\"wpforms-required-label\" aria-hidden=\"true\">*<\/span><\/label><input type=\"text\" id=\"wpforms-29-field_0\" class=\"wpforms-field-medium wpforms-field-required\" name=\"wpforms[fields][0]\" aria-errormessage=\"wpforms-29-field_0-error\" required><\/div><div id=\"wpforms-29-field_1-container\" class=\"wpforms-field wpforms-field-email\" data-field-id=\"1\"><label class=\"wpforms-field-label\" for=\"wpforms-29-field_1\">Correo <span class=\"wpforms-required-label\" aria-hidden=\"true\">*<\/span><\/label><input type=\"email\" id=\"wpforms-29-field_1\" class=\"wpforms-field-medium wpforms-field-required\" name=\"wpforms[fields][1]\" spellcheck=\"false\" aria-errormessage=\"wpforms-29-field_1-error\" required><\/div><div id=\"wpforms-29-field_2-container\" class=\"wpforms-field wpforms-field-textarea\" data-field-id=\"2\"><label class=\"wpforms-field-label\" for=\"wpforms-29-field_2\">Mensaje<\/label><textarea id=\"wpforms-29-field_2\" class=\"wpforms-field-medium\" name=\"wpforms[fields][2]\" aria-errormessage=\"wpforms-29-field_2-error\" ><\/textarea><\/div><\/div><!-- .wpforms-field-container --><div class=\"wpforms-submit-container\" ><input type=\"hidden\" name=\"wpforms[id]\" value=\"29\"><input type=\"hidden\" name=\"page_title\" value=\"\"><input type=\"hidden\" name=\"page_url\" value=\"https:\/\/bkd.com.mx\/index.php\/wp-json\/wp\/v2\/pages\/6969\"><button type=\"submit\" name=\"wpforms[submit]\" id=\"wpforms-submit-29\" class=\"wpforms-submit\" data-alt-text=\"Enviando...\" data-submit-text=\"Enviar\" aria-live=\"assertive\" value=\"wpforms-submit\">Enviar<\/button><img loading=\"lazy\" decoding=\"async\" src=\"https:\/\/bkd.com.mx\/wp-content\/plugins\/wpforms-lite\/assets\/images\/submit-spin.svg\" class=\"wpforms-submit-spinner\" style=\"display: none;\" width=\"26\" height=\"26\" alt=\"Loading\"><\/div><\/form><\/div>  <!-- .wpforms-container -->\t\t\t\t<\/div>\n\t\t\t\t<\/div>\n\t\t\t\t\t<\/div>\n\t\t<\/div>\n\t\t\t\t<div class=\"elementor-column elementor-col-50 elementor-top-column elementor-element elementor-element-5b634b3\" data-id=\"5b634b3\" data-element_type=\"column\">\n\t\t\t<div class=\"elementor-widget-wrap elementor-element-populated\">\n\t\t\t\t\t\t<div class=\"elementor-element elementor-element-5d86a8f elementor-widget elementor-widget-image\" data-id=\"5d86a8f\" data-element_type=\"widget\" data-widget_type=\"image.default\">\n\t\t\t\t<div class=\"elementor-widget-container\">\n\t\t\t\t\t\t\t\t\t\t\t\t\t\t\t<img loading=\"lazy\" decoding=\"async\" width=\"324\" height=\"405\" src=\"https:\/\/bkd.com.mx\/wp-content\/uploads\/2023\/09\/Picture1-1.jpg\" class=\"attachment-large size-large wp-image-6691\" alt=\"\" srcset=\"https:\/\/bkd.com.mx\/wp-content\/uploads\/2023\/09\/Picture1-1.jpg 324w, https:\/\/bkd.com.mx\/wp-content\/uploads\/2023\/09\/Picture1-1-240x300.jpg 240w\" sizes=\"100vw\" \/>\t\t\t\t\t\t\t\t\t\t\t\t\t\t\t<\/div>\n\t\t\t\t<\/div>\n\t\t\t\t\t<\/div>\n\t\t<\/div>\n\t\t\t\t\t<\/div>\n\t\t<\/section>\n\t\t\t\t<section class=\"elementor-section elementor-top-section elementor-element elementor-element-a031808 elementor-section-boxed elementor-section-height-default elementor-section-height-default\" data-id=\"a031808\" data-element_type=\"section\">\n\t\t\t\t\t\t<div class=\"elementor-container elementor-column-gap-default\">\n\t\t\t\t\t<div class=\"elementor-column elementor-col-100 elementor-top-column elementor-element elementor-element-f14320e\" data-id=\"f14320e\" data-element_type=\"column\">\n\t\t\t<div class=\"elementor-widget-wrap elementor-element-populated\">\n\t\t\t\t\t\t<div class=\"elementor-element elementor-element-282cc98 elementor-widget elementor-widget-spacer\" data-id=\"282cc98\" data-element_type=\"widget\" data-widget_type=\"spacer.default\">\n\t\t\t\t<div class=\"elementor-widget-container\">\n\t\t\t\t\t\t\t<div class=\"elementor-spacer\">\n\t\t\t<div class=\"elementor-spacer-inner\"><\/div>\n\t\t<\/div>\n\t\t\t\t\t\t<\/div>\n\t\t\t\t<\/div>\n\t\t\t\t\t<\/div>\n\t\t<\/div>\n\t\t\t\t\t<\/div>\n\t\t<\/section>\n\t\t\t\t<\/div>\n\t\t","protected":false},"excerpt":{"rendered":"<p>Por m\u00e1s de 30 a\u00f1os ha sido la principal fuente de suministro de productos de lujo para el equipamiento de ba\u00f1os para la comunidad arquitect\u00f3nica y de dise\u00f1o en Estados Unidos. Please enable JavaScript in your browser to complete this form.Please enable JavaScript in your browser to complete this form.Nombre *Correo *Mensaje Enviar<\/p>\n","protected":false},"author":1,"featured_media":7474,"parent":0,"menu_order":0,"comment_status":"closed","ping_status":"closed","template":"","meta":{"footnotes":""},"featured_media_urls":{"thumbnail":["https:\/\/bkd.com.mx\/wp-content\/uploads\/2023\/11\/9bd896_2295a1d699af4ca097501dbf83551bbcmv2-150x150.webp",150,150,true],"medium":["https:\/\/bkd.com.mx\/wp-content\/uploads\/2023\/11\/9bd896_2295a1d699af4ca097501dbf83551bbcmv2-300x141.webp",300,141,true],"medium_large":["https:\/\/bkd.com.mx\/wp-content\/uploads\/2023\/11\/9bd896_2295a1d699af4ca097501dbf83551bbcmv2-768x360.webp",768,360,true],"large":["https:\/\/bkd.com.mx\/wp-content\/uploads\/2023\/11\/9bd896_2295a1d699af4ca097501dbf83551bbcmv2-1024x480.webp",950,445,true],"1536x1536":["https:\/\/bkd.com.mx\/wp-content\/uploads\/2023\/11\/9bd896_2295a1d699af4ca097501dbf83551bbcmv2-1536x720.webp",1536,720,true],"2048x2048":["https:\/\/bkd.com.mx\/wp-content\/uploads\/2023\/11\/9bd896_2295a1d699af4ca097501dbf83551bbcmv2.webp",1800,844,false],"inspiro-featured-image":["https:\/\/bkd.com.mx\/wp-content\/uploads\/2023\/11\/9bd896_2295a1d699af4ca097501dbf83551bbcmv2.webp",1800,844,false],"inspiro-loop":["https:\/\/bkd.com.mx\/wp-content\/uploads\/2023\/11\/9bd896_2295a1d699af4ca097501dbf83551bbcmv2-950x320.webp",950,320,true],"inspiro-loop@2x":["https:\/\/bkd.com.mx\/wp-content\/uploads\/2023\/11\/9bd896_2295a1d699af4ca097501dbf83551bbcmv2-1800x640.webp",1800,640,true],"portfolio_item-thumbnail":["https:\/\/bkd.com.mx\/wp-content\/uploads\/2023\/11\/9bd896_2295a1d699af4ca097501dbf83551bbcmv2-600x400.webp",600,400,true],"portfolio_item-thumbnail@2x":["https:\/\/bkd.com.mx\/wp-content\/uploads\/2023\/11\/9bd896_2295a1d699af4ca097501dbf83551bbcmv2-1200x800.webp",1200,800,true],"portfolio_item-masonry":["https:\/\/bkd.com.mx\/wp-content\/uploads\/2023\/11\/9bd896_2295a1d699af4ca097501dbf83551bbcmv2-600x281.webp",600,281,true],"portfolio_item-masonry@2x":["https:\/\/bkd.com.mx\/wp-content\/uploads\/2023\/11\/9bd896_2295a1d699af4ca097501dbf83551bbcmv2-1200x563.webp",1200,563,true],"portfolio_item-thumbnail_cinema":["https:\/\/bkd.com.mx\/wp-content\/uploads\/2023\/11\/9bd896_2295a1d699af4ca097501dbf83551bbcmv2-800x335.webp",800,335,true],"portfolio_item-thumbnail_portrait":["https:\/\/bkd.com.mx\/wp-content\/uploads\/2023\/11\/9bd896_2295a1d699af4ca097501dbf83551bbcmv2-600x844.webp",600,844,true],"portfolio_item-thumbnail_portrait@2x":["https:\/\/bkd.com.mx\/wp-content\/uploads\/2023\/11\/9bd896_2295a1d699af4ca097501dbf83551bbcmv2-1200x844.webp",1200,844,true],"portfolio_item-thumbnail_square":["https:\/\/bkd.com.mx\/wp-content\/uploads\/2023\/11\/9bd896_2295a1d699af4ca097501dbf83551bbcmv2-800x800.webp",800,800,true]},"_links":{"self":[{"href":"https:\/\/bkd.com.mx\/index.php\/wp-json\/wp\/v2\/pages\/6969"}],"collection":[{"href":"https:\/\/bkd.com.mx\/index.php\/wp-json\/wp\/v2\/pages"}],"about":[{"href":"https:\/\/bkd.com.mx\/index.php\/wp-json\/wp\/v2\/types\/page"}],"author":[{"embeddable":true,"href":"https:\/\/bkd.com.mx\/index.php\/wp-json\/wp\/v2\/users\/1"}],"replies":[{"embeddable":true,"href":"https:\/\/bkd.com.mx\/index.php\/wp-json\/wp\/v2\/comments?post=6969"}],"version-history":[{"count":21,"href":"https:\/\/bkd.com.mx\/index.php\/wp-json\/wp\/v2\/pages\/6969\/revisions"}],"predecessor-version":[{"id":7584,"href":"https:\/\/bkd.com.mx\/index.php\/wp-json\/wp\/v2\/pages\/6969\/revisions\/7584"}],"wp:featuredmedia":[{"embeddable":true,"href":"https:\/\/bkd.com.mx\/index.php\/wp-json\/wp\/v2\/media\/7474"}],"wp:attachment":[{"href":"https:\/\/bkd.com.mx\/index.php\/wp-json\/wp\/v2\/media?parent=6969"}],"curies":[{"name":"wp","href":"https:\/\/api.w.org\/{rel}","templated":true}]}}