{"id":6994,"date":"2023-10-16T04:43:56","date_gmt":"2023-10-16T04:43:56","guid":{"rendered":"https:\/\/bkd.com.mx\/?page_id=6994"},"modified":"2023-11-14T05:04:58","modified_gmt":"2023-11-14T05:04:58","slug":"duravit","status":"publish","type":"page","link":"https:\/\/bkd.com.mx\/index.php\/duravit\/","title":{"rendered":"Duravit"},"content":{"rendered":"\t\t<div data-elementor-type=\"wp-page\" data-elementor-id=\"6994\" class=\"elementor elementor-6994\">\n\t\t\t\t\t\t<section class=\"elementor-section elementor-top-section elementor-element elementor-element-6e4ebb2 elementor-section-boxed elementor-section-height-default elementor-section-height-default\" data-id=\"6e4ebb2\" data-element_type=\"section\">\n\t\t\t\t\t\t<div class=\"elementor-container elementor-column-gap-default\">\n\t\t\t\t\t<div class=\"elementor-column elementor-col-100 elementor-top-column elementor-element elementor-element-256b210\" data-id=\"256b210\" data-element_type=\"column\">\n\t\t\t<div class=\"elementor-widget-wrap elementor-element-populated\">\n\t\t\t\t\t\t<div class=\"elementor-element elementor-element-b09d0ff elementor-widget elementor-widget-text-editor\" data-id=\"b09d0ff\" data-element_type=\"widget\" data-widget_type=\"text-editor.default\">\n\t\t\t\t<div class=\"elementor-widget-container\">\n\t\t\t\t\t\t\t\t\t<p style=\"language: en-MX; margin-top: 6.0pt; margin-bottom: 0pt; margin-left: 0in; text-indent: 0in; text-align: left; direction: ltr; unicode-bidi: embed; mso-line-break-override: none; word-break: normal; punctuation-wrap: hanging;\"><span style=\"color: #444444; font-family: 'Helvetica Neue'; font-size: 18pt; font-weight: var( --e-global-typography-text-font-weight ); text-indent: 0in;\">Marca Alemana. Llevamos m\u00e1s de 200 a\u00f1os ofreciendo a los clientes la mejor calidad, una funcionalidad sofisticada y una est\u00e9tica atractiva. Tanto si se trata de una nueva construcci\u00f3n, una reforma o una decoraci\u00f3n espec\u00edfica: con nuestros muebles de ba\u00f1o de alta calidad y nuestra cer\u00e1mica de ba\u00f1o duradera, puede crear un ambiente elegante y relajante.<\/span><\/p>\t\t\t\t\t\t\t\t<\/div>\n\t\t\t\t<\/div>\n\t\t\t\t\t<\/div>\n\t\t<\/div>\n\t\t\t\t\t<\/div>\n\t\t<\/section>\n\t\t\t\t<section class=\"elementor-section elementor-top-section elementor-element elementor-element-58a02b1 elementor-section-boxed elementor-section-height-default elementor-section-height-default\" data-id=\"58a02b1\" data-element_type=\"section\">\n\t\t\t\t\t\t<div class=\"elementor-container elementor-column-gap-default\">\n\t\t\t\t\t<div class=\"elementor-column elementor-col-100 elementor-top-column elementor-element elementor-element-eae0a85\" data-id=\"eae0a85\" data-element_type=\"column\">\n\t\t\t<div class=\"elementor-widget-wrap elementor-element-populated\">\n\t\t\t\t\t\t<div class=\"elementor-element elementor-element-de05110 elementor-widget elementor-widget-spacer\" data-id=\"de05110\" data-element_type=\"widget\" data-widget_type=\"spacer.default\">\n\t\t\t\t<div class=\"elementor-widget-container\">\n\t\t\t\t\t\t\t<div class=\"elementor-spacer\">\n\t\t\t<div class=\"elementor-spacer-inner\"><\/div>\n\t\t<\/div>\n\t\t\t\t\t\t<\/div>\n\t\t\t\t<\/div>\n\t\t\t\t\t<\/div>\n\t\t<\/div>\n\t\t\t\t\t<\/div>\n\t\t<\/section>\n\t\t\t\t<section class=\"elementor-section elementor-top-section elementor-element elementor-element-2c9e79d elementor-section-boxed elementor-section-height-default elementor-section-height-default\" data-id=\"2c9e79d\" data-element_type=\"section\">\n\t\t\t\t\t\t<div class=\"elementor-container elementor-column-gap-default\">\n\t\t\t\t\t<div class=\"elementor-column elementor-col-100 elementor-top-column elementor-element elementor-element-ccfb80e\" data-id=\"ccfb80e\" data-element_type=\"column\">\n\t\t\t<div class=\"elementor-widget-wrap elementor-element-populated\">\n\t\t\t\t\t\t<div class=\"elementor-element elementor-element-432c554 elementor-widget elementor-widget-image-gallery\" data-id=\"432c554\" data-element_type=\"widget\" data-widget_type=\"image-gallery.default\">\n\t\t\t\t<div class=\"elementor-widget-container\">\n\t\t\t\t\t\t\t<div class=\"elementor-image-gallery\">\n\t\t\t<div id='gallery-1' class='gallery galleryid-6994 gallery-columns-4 gallery-size-large'><figure class='gallery-item'>\n\t\t\t<div class='gallery-icon portrait'>\n\t\t\t\t<a data-elementor-open-lightbox=\"yes\" data-elementor-lightbox-slideshow=\"432c554\" data-elementor-lightbox-title=\"Picture8\" data-e-action-hash=\"#elementor-action%3Aaction%3Dlightbox%26settings%3DeyJpZCI6NzM3NiwidXJsIjoiaHR0cHM6XC9cL2JrZC5jb20ubXhcL3dwLWNvbnRlbnRcL3VwbG9hZHNcLzIwMjNcLzExXC9QaWN0dXJlOC0yLnBuZyIsInNsaWRlc2hvdyI6IjQzMmM1NTQifQ%3D%3D\" href='https:\/\/bkd.com.mx\/wp-content\/uploads\/2023\/11\/Picture8-2.png'><img decoding=\"async\" width=\"193\" height=\"197\" src=\"https:\/\/bkd.com.mx\/wp-content\/uploads\/2023\/11\/Picture8-2.png\" class=\"attachment-large size-large\" alt=\"\" sizes=\"100vw\" \/><\/a>\n\t\t\t<\/div><\/figure><figure class='gallery-item'>\n\t\t\t<div class='gallery-icon portrait'>\n\t\t\t\t<a data-elementor-open-lightbox=\"yes\" data-elementor-lightbox-slideshow=\"432c554\" data-elementor-lightbox-title=\"Picture7\" data-e-action-hash=\"#elementor-action%3Aaction%3Dlightbox%26settings%3DeyJpZCI6NzM3NywidXJsIjoiaHR0cHM6XC9cL2JrZC5jb20ubXhcL3dwLWNvbnRlbnRcL3VwbG9hZHNcLzIwMjNcLzExXC9QaWN0dXJlNy0yLnBuZyIsInNsaWRlc2hvdyI6IjQzMmM1NTQifQ%3D%3D\" href='https:\/\/bkd.com.mx\/wp-content\/uploads\/2023\/11\/Picture7-2.png'><img decoding=\"async\" width=\"192\" height=\"193\" src=\"https:\/\/bkd.com.mx\/wp-content\/uploads\/2023\/11\/Picture7-2.png\" class=\"attachment-large size-large\" alt=\"\" srcset=\"https:\/\/bkd.com.mx\/wp-content\/uploads\/2023\/11\/Picture7-2.png 192w, https:\/\/bkd.com.mx\/wp-content\/uploads\/2023\/11\/Picture7-2-150x150.png 150w\" sizes=\"100vw\" \/><\/a>\n\t\t\t<\/div><\/figure><figure class='gallery-item'>\n\t\t\t<div class='gallery-icon portrait'>\n\t\t\t\t<a data-elementor-open-lightbox=\"yes\" data-elementor-lightbox-slideshow=\"432c554\" data-elementor-lightbox-title=\"Picture6\" data-e-action-hash=\"#elementor-action%3Aaction%3Dlightbox%26settings%3DeyJpZCI6NzM3OCwidXJsIjoiaHR0cHM6XC9cL2JrZC5jb20ubXhcL3dwLWNvbnRlbnRcL3VwbG9hZHNcLzIwMjNcLzExXC9QaWN0dXJlNi0zLnBuZyIsInNsaWRlc2hvdyI6IjQzMmM1NTQifQ%3D%3D\" href='https:\/\/bkd.com.mx\/wp-content\/uploads\/2023\/11\/Picture6-3.png'><img decoding=\"async\" width=\"188\" height=\"189\" src=\"https:\/\/bkd.com.mx\/wp-content\/uploads\/2023\/11\/Picture6-3.png\" class=\"attachment-large size-large\" alt=\"\" srcset=\"https:\/\/bkd.com.mx\/wp-content\/uploads\/2023\/11\/Picture6-3.png 188w, https:\/\/bkd.com.mx\/wp-content\/uploads\/2023\/11\/Picture6-3-150x150.png 150w\" sizes=\"100vw\" \/><\/a>\n\t\t\t<\/div><\/figure><figure class='gallery-item'>\n\t\t\t<div class='gallery-icon landscape'>\n\t\t\t\t<a data-elementor-open-lightbox=\"yes\" data-elementor-lightbox-slideshow=\"432c554\" data-elementor-lightbox-title=\"Picture5\" data-e-action-hash=\"#elementor-action%3Aaction%3Dlightbox%26settings%3DeyJpZCI6NzM3OSwidXJsIjoiaHR0cHM6XC9cL2JrZC5jb20ubXhcL3dwLWNvbnRlbnRcL3VwbG9hZHNcLzIwMjNcLzExXC9QaWN0dXJlNS0zLnBuZyIsInNsaWRlc2hvdyI6IjQzMmM1NTQifQ%3D%3D\" href='https:\/\/bkd.com.mx\/wp-content\/uploads\/2023\/11\/Picture5-3.png'><img loading=\"lazy\" decoding=\"async\" width=\"161\" height=\"157\" src=\"https:\/\/bkd.com.mx\/wp-content\/uploads\/2023\/11\/Picture5-3.png\" class=\"attachment-large size-large\" alt=\"\" sizes=\"100vw\" \/><\/a>\n\t\t\t<\/div><\/figure><figure class='gallery-item'>\n\t\t\t<div class='gallery-icon landscape'>\n\t\t\t\t<a data-elementor-open-lightbox=\"yes\" data-elementor-lightbox-slideshow=\"432c554\" data-elementor-lightbox-title=\"Picture3\" data-e-action-hash=\"#elementor-action%3Aaction%3Dlightbox%26settings%3DeyJpZCI6NzM4MCwidXJsIjoiaHR0cHM6XC9cL2JrZC5jb20ubXhcL3dwLWNvbnRlbnRcL3VwbG9hZHNcLzIwMjNcLzExXC9QaWN0dXJlMy0zLnBuZyIsInNsaWRlc2hvdyI6IjQzMmM1NTQifQ%3D%3D\" href='https:\/\/bkd.com.mx\/wp-content\/uploads\/2023\/11\/Picture3-3.png'><img loading=\"lazy\" decoding=\"async\" width=\"237\" height=\"160\" src=\"https:\/\/bkd.com.mx\/wp-content\/uploads\/2023\/11\/Picture3-3.png\" class=\"attachment-large size-large\" alt=\"\" sizes=\"100vw\" \/><\/a>\n\t\t\t<\/div><\/figure><figure class='gallery-item'>\n\t\t\t<div class='gallery-icon landscape'>\n\t\t\t\t<a data-elementor-open-lightbox=\"yes\" data-elementor-lightbox-slideshow=\"432c554\" data-elementor-lightbox-title=\"Picture2\" data-e-action-hash=\"#elementor-action%3Aaction%3Dlightbox%26settings%3DeyJpZCI6NzM4MSwidXJsIjoiaHR0cHM6XC9cL2JrZC5jb20ubXhcL3dwLWNvbnRlbnRcL3VwbG9hZHNcLzIwMjNcLzExXC9QaWN0dXJlMi01LnBuZyIsInNsaWRlc2hvdyI6IjQzMmM1NTQifQ%3D%3D\" href='https:\/\/bkd.com.mx\/wp-content\/uploads\/2023\/11\/Picture2-5.png'><img loading=\"lazy\" decoding=\"async\" width=\"196\" height=\"158\" src=\"https:\/\/bkd.com.mx\/wp-content\/uploads\/2023\/11\/Picture2-5.png\" class=\"attachment-large size-large\" alt=\"\" sizes=\"100vw\" \/><\/a>\n\t\t\t<\/div><\/figure><figure class='gallery-item'>\n\t\t\t<div class='gallery-icon landscape'>\n\t\t\t\t<a data-elementor-open-lightbox=\"yes\" data-elementor-lightbox-slideshow=\"432c554\" data-elementor-lightbox-title=\"Picture1\" data-e-action-hash=\"#elementor-action%3Aaction%3Dlightbox%26settings%3DeyJpZCI6NzM4MiwidXJsIjoiaHR0cHM6XC9cL2JrZC5jb20ubXhcL3dwLWNvbnRlbnRcL3VwbG9hZHNcLzIwMjNcLzExXC9QaWN0dXJlMS01LnBuZyIsInNsaWRlc2hvdyI6IjQzMmM1NTQifQ%3D%3D\" href='https:\/\/bkd.com.mx\/wp-content\/uploads\/2023\/11\/Picture1-5.png'><img loading=\"lazy\" decoding=\"async\" width=\"188\" height=\"156\" src=\"https:\/\/bkd.com.mx\/wp-content\/uploads\/2023\/11\/Picture1-5.png\" class=\"attachment-large size-large\" alt=\"\" sizes=\"100vw\" \/><\/a>\n\t\t\t<\/div><\/figure><figure class='gallery-item'>\n\t\t\t<div class='gallery-icon landscape'>\n\t\t\t\t<a data-elementor-open-lightbox=\"yes\" data-elementor-lightbox-slideshow=\"432c554\" data-elementor-lightbox-title=\"Picture4\" data-e-action-hash=\"#elementor-action%3Aaction%3Dlightbox%26settings%3DeyJpZCI6NzM4MywidXJsIjoiaHR0cHM6XC9cL2JrZC5jb20ubXhcL3dwLWNvbnRlbnRcL3VwbG9hZHNcLzIwMjNcLzExXC9QaWN0dXJlNC0zLnBuZyIsInNsaWRlc2hvdyI6IjQzMmM1NTQifQ%3D%3D\" href='https:\/\/bkd.com.mx\/wp-content\/uploads\/2023\/11\/Picture4-3.png'><img loading=\"lazy\" decoding=\"async\" width=\"192\" height=\"157\" src=\"https:\/\/bkd.com.mx\/wp-content\/uploads\/2023\/11\/Picture4-3.png\" class=\"attachment-large size-large\" alt=\"\" sizes=\"100vw\" \/><\/a>\n\t\t\t<\/div><\/figure>\n\t\t<\/div>\n\t\t<\/div>\n\t\t\t\t\t\t<\/div>\n\t\t\t\t<\/div>\n\t\t\t\t\t<\/div>\n\t\t<\/div>\n\t\t\t\t\t<\/div>\n\t\t<\/section>\n\t\t\t\t<section class=\"elementor-section elementor-top-section elementor-element elementor-element-567f1bd elementor-section-boxed elementor-section-height-default elementor-section-height-default\" data-id=\"567f1bd\" data-element_type=\"section\">\n\t\t\t\t\t\t<div class=\"elementor-container elementor-column-gap-default\">\n\t\t\t\t\t<div class=\"elementor-column elementor-col-100 elementor-top-column elementor-element elementor-element-a2bf485\" data-id=\"a2bf485\" data-element_type=\"column\">\n\t\t\t<div class=\"elementor-widget-wrap elementor-element-populated\">\n\t\t\t\t\t\t<div class=\"elementor-element elementor-element-34e6618 elementor-widget elementor-widget-spacer\" data-id=\"34e6618\" data-element_type=\"widget\" data-widget_type=\"spacer.default\">\n\t\t\t\t<div class=\"elementor-widget-container\">\n\t\t\t\t\t\t\t<div class=\"elementor-spacer\">\n\t\t\t<div class=\"elementor-spacer-inner\"><\/div>\n\t\t<\/div>\n\t\t\t\t\t\t<\/div>\n\t\t\t\t<\/div>\n\t\t\t\t\t<\/div>\n\t\t<\/div>\n\t\t\t\t\t<\/div>\n\t\t<\/section>\n\t\t\t\t<section class=\"elementor-section elementor-top-section elementor-element elementor-element-b09f713 elementor-section-boxed elementor-section-height-default elementor-section-height-default\" data-id=\"b09f713\" data-element_type=\"section\">\n\t\t\t\t\t\t<div class=\"elementor-container elementor-column-gap-default\">\n\t\t\t\t\t<div class=\"elementor-column elementor-col-50 elementor-top-column elementor-element elementor-element-11aea95\" data-id=\"11aea95\" data-element_type=\"column\">\n\t\t\t<div class=\"elementor-widget-wrap elementor-element-populated\">\n\t\t\t\t\t\t<div class=\"elementor-element elementor-element-7776325 elementor-widget elementor-widget-wpforms\" data-id=\"7776325\" data-element_type=\"widget\" data-widget_type=\"wpforms.default\">\n\t\t\t\t<div class=\"elementor-widget-container\">\n\t\t\t\t\t<style id=\"wpforms-css-vars-elementor-widget-7776325\">\n\t\t\t\t.elementor-widget-wpforms.elementor-element-7776325 {\n\t\t\t\t--wpforms-button-background-color: #D02CB9;\n--wpforms-field-size-input-height: 43px;\n--wpforms-field-size-input-spacing: 15px;\n--wpforms-field-size-font-size: 16px;\n--wpforms-field-size-line-height: 19px;\n--wpforms-field-size-padding-h: 14px;\n--wpforms-field-size-checkbox-size: 16px;\n--wpforms-field-size-sublabel-spacing: 5px;\n--wpforms-field-size-icon-size: 1;\n--wpforms-label-size-font-size: 16px;\n--wpforms-label-size-line-height: 19px;\n--wpforms-label-size-sublabel-font-size: 14px;\n--wpforms-label-size-sublabel-line-height: 17px;\n--wpforms-button-size-font-size: 17px;\n--wpforms-button-size-height: 41px;\n--wpforms-button-size-padding-h: 15px;\n--wpforms-button-size-margin-top: 10px;\n\n\t\t\t}\n\t\t\t<\/style><div class=\"wpforms-container wpforms-container-full wpforms-render-modern\" id=\"wpforms-29\"><form id=\"wpforms-form-29\" class=\"wpforms-validate wpforms-form wpforms-ajax-form\" data-formid=\"29\" method=\"post\" enctype=\"multipart\/form-data\" action=\"\/index.php\/wp-json\/wp\/v2\/pages\/6994\" data-token=\"60929e8ed24a0faccb2b9f952c97c6cc\" data-token-time=\"1778064988\"><noscript class=\"wpforms-error-noscript\">Please enable JavaScript in your browser to complete this form.<\/noscript><div class=\"wpforms-hidden\" id=\"wpforms-error-noscript\">Please enable JavaScript in your browser to complete this form.<\/div><div class=\"wpforms-field-container\"><div id=\"wpforms-29-field_0-container\" class=\"wpforms-field wpforms-field-name\" data-field-id=\"0\"><label class=\"wpforms-field-label\" for=\"wpforms-29-field_0\">Nombre <span class=\"wpforms-required-label\" aria-hidden=\"true\">*<\/span><\/label><input type=\"text\" id=\"wpforms-29-field_0\" class=\"wpforms-field-medium wpforms-field-required\" name=\"wpforms[fields][0]\" aria-errormessage=\"wpforms-29-field_0-error\" required><\/div><div id=\"wpforms-29-field_1-container\" class=\"wpforms-field wpforms-field-email\" data-field-id=\"1\"><label class=\"wpforms-field-label\" for=\"wpforms-29-field_1\">Correo <span class=\"wpforms-required-label\" aria-hidden=\"true\">*<\/span><\/label><input type=\"email\" id=\"wpforms-29-field_1\" class=\"wpforms-field-medium wpforms-field-required\" name=\"wpforms[fields][1]\" spellcheck=\"false\" aria-errormessage=\"wpforms-29-field_1-error\" required><\/div><div id=\"wpforms-29-field_2-container\" class=\"wpforms-field wpforms-field-textarea\" data-field-id=\"2\"><label class=\"wpforms-field-label\" for=\"wpforms-29-field_2\">Mensaje<\/label><textarea id=\"wpforms-29-field_2\" class=\"wpforms-field-medium\" name=\"wpforms[fields][2]\" aria-errormessage=\"wpforms-29-field_2-error\" ><\/textarea><\/div><\/div><!-- .wpforms-field-container --><div class=\"wpforms-submit-container\" ><input type=\"hidden\" name=\"wpforms[id]\" value=\"29\"><input type=\"hidden\" name=\"page_title\" value=\"\"><input type=\"hidden\" name=\"page_url\" value=\"https:\/\/bkd.com.mx\/index.php\/wp-json\/wp\/v2\/pages\/6994\"><button type=\"submit\" name=\"wpforms[submit]\" id=\"wpforms-submit-29\" class=\"wpforms-submit\" data-alt-text=\"Enviando...\" data-submit-text=\"Enviar\" aria-live=\"assertive\" value=\"wpforms-submit\">Enviar<\/button><img loading=\"lazy\" decoding=\"async\" src=\"https:\/\/bkd.com.mx\/wp-content\/plugins\/wpforms-lite\/assets\/images\/submit-spin.svg\" class=\"wpforms-submit-spinner\" style=\"display: none;\" width=\"26\" height=\"26\" alt=\"Loading\"><\/div><\/form><\/div>  <!-- .wpforms-container -->\t\t\t\t<\/div>\n\t\t\t\t<\/div>\n\t\t\t\t\t<\/div>\n\t\t<\/div>\n\t\t\t\t<div class=\"elementor-column elementor-col-50 elementor-top-column elementor-element elementor-element-5b634b3\" data-id=\"5b634b3\" data-element_type=\"column\">\n\t\t\t<div class=\"elementor-widget-wrap elementor-element-populated\">\n\t\t\t\t\t\t<div class=\"elementor-element elementor-element-5d86a8f elementor-widget elementor-widget-image\" data-id=\"5d86a8f\" data-element_type=\"widget\" data-widget_type=\"image.default\">\n\t\t\t\t<div class=\"elementor-widget-container\">\n\t\t\t\t\t\t\t\t\t\t\t\t\t\t\t<img loading=\"lazy\" decoding=\"async\" width=\"324\" height=\"405\" src=\"https:\/\/bkd.com.mx\/wp-content\/uploads\/2023\/09\/Picture1-1.jpg\" class=\"attachment-large size-large wp-image-6691\" alt=\"\" srcset=\"https:\/\/bkd.com.mx\/wp-content\/uploads\/2023\/09\/Picture1-1.jpg 324w, https:\/\/bkd.com.mx\/wp-content\/uploads\/2023\/09\/Picture1-1-240x300.jpg 240w\" sizes=\"100vw\" \/>\t\t\t\t\t\t\t\t\t\t\t\t\t\t\t<\/div>\n\t\t\t\t<\/div>\n\t\t\t\t\t<\/div>\n\t\t<\/div>\n\t\t\t\t\t<\/div>\n\t\t<\/section>\n\t\t\t\t<section class=\"elementor-section elementor-top-section elementor-element elementor-element-a031808 elementor-section-boxed elementor-section-height-default elementor-section-height-default\" data-id=\"a031808\" data-element_type=\"section\">\n\t\t\t\t\t\t<div class=\"elementor-container elementor-column-gap-default\">\n\t\t\t\t\t<div class=\"elementor-column elementor-col-100 elementor-top-column elementor-element elementor-element-f14320e\" data-id=\"f14320e\" data-element_type=\"column\">\n\t\t\t<div class=\"elementor-widget-wrap elementor-element-populated\">\n\t\t\t\t\t\t<div class=\"elementor-element elementor-element-282cc98 elementor-widget elementor-widget-spacer\" data-id=\"282cc98\" data-element_type=\"widget\" data-widget_type=\"spacer.default\">\n\t\t\t\t<div class=\"elementor-widget-container\">\n\t\t\t\t\t\t\t<div class=\"elementor-spacer\">\n\t\t\t<div class=\"elementor-spacer-inner\"><\/div>\n\t\t<\/div>\n\t\t\t\t\t\t<\/div>\n\t\t\t\t<\/div>\n\t\t\t\t\t<\/div>\n\t\t<\/div>\n\t\t\t\t\t<\/div>\n\t\t<\/section>\n\t\t\t\t<\/div>\n\t\t","protected":false},"excerpt":{"rendered":"<p>Marca Alemana. Llevamos m\u00e1s de 200 a\u00f1os ofreciendo a los clientes la mejor calidad, una funcionalidad sofisticada y una est\u00e9tica atractiva. Tanto si se trata de una nueva construcci\u00f3n, una reforma o una decoraci\u00f3n espec\u00edfica: con nuestros muebles de ba\u00f1o de alta calidad y nuestra cer\u00e1mica de ba\u00f1o duradera, puede crear un ambiente elegante y &hellip; <\/p>\n<p class=\"link-more\"><a href=\"https:\/\/bkd.com.mx\/index.php\/duravit\/\" class=\"more-link\">Read more<span class=\"screen-reader-text\"> &#8220;Duravit&#8221;<\/span><\/a><\/p>\n","protected":false},"author":1,"featured_media":7517,"parent":0,"menu_order":0,"comment_status":"closed","ping_status":"closed","template":"","meta":{"footnotes":""},"featured_media_urls":{"thumbnail":["https:\/\/bkd.com.mx\/wp-content\/uploads\/2023\/11\/1920-e1699938235360-150x150.jpg",150,150,true],"medium":["https:\/\/bkd.com.mx\/wp-content\/uploads\/2023\/11\/1920-e1699938235360-300x179.jpg",300,179,true],"medium_large":["https:\/\/bkd.com.mx\/wp-content\/uploads\/2023\/11\/1920-e1699938235360-768x458.jpg",768,458,true],"large":["https:\/\/bkd.com.mx\/wp-content\/uploads\/2023\/11\/1920-e1699938235360-1024x611.jpg",950,567,true],"1536x1536":["https:\/\/bkd.com.mx\/wp-content\/uploads\/2023\/11\/1920-e1699938235360-1536x916.jpg",1536,916,true],"2048x2048":["https:\/\/bkd.com.mx\/wp-content\/uploads\/2023\/11\/1920-e1699938235360.jpg",1920,1145,false],"inspiro-featured-image":["https:\/\/bkd.com.mx\/wp-content\/uploads\/2023\/11\/1920-e1699938235360.jpg",1920,1145,false],"inspiro-loop":["https:\/\/bkd.com.mx\/wp-content\/uploads\/2023\/11\/1920-e1699938235360-950x320.jpg",950,320,true],"inspiro-loop@2x":["https:\/\/bkd.com.mx\/wp-content\/uploads\/2023\/11\/1920-e1699938235360-1900x640.jpg",1900,640,true],"portfolio_item-thumbnail":["https:\/\/bkd.com.mx\/wp-content\/uploads\/2023\/11\/1920-e1699938235360-600x400.jpg",600,400,true],"portfolio_item-thumbnail@2x":["https:\/\/bkd.com.mx\/wp-content\/uploads\/2023\/11\/1920-e1699938235360-1200x800.jpg",1200,800,true],"portfolio_item-masonry":["https:\/\/bkd.com.mx\/wp-content\/uploads\/2023\/11\/1920-e1699938235360-600x358.jpg",600,358,true],"portfolio_item-masonry@2x":["https:\/\/bkd.com.mx\/wp-content\/uploads\/2023\/11\/1920-e1699938235360-1200x716.jpg",1200,716,true],"portfolio_item-thumbnail_cinema":["https:\/\/bkd.com.mx\/wp-content\/uploads\/2023\/11\/1920-e1699938235360-800x335.jpg",800,335,true],"portfolio_item-thumbnail_portrait":["https:\/\/bkd.com.mx\/wp-content\/uploads\/2023\/11\/1920-e1699938235360-600x900.jpg",600,900,true],"portfolio_item-thumbnail_portrait@2x":["https:\/\/bkd.com.mx\/wp-content\/uploads\/2023\/11\/1920-e1699938235360-1200x1145.jpg",1200,1145,true],"portfolio_item-thumbnail_square":["https:\/\/bkd.com.mx\/wp-content\/uploads\/2023\/11\/1920-e1699938235360-800x800.jpg",800,800,true]},"_links":{"self":[{"href":"https:\/\/bkd.com.mx\/index.php\/wp-json\/wp\/v2\/pages\/6994"}],"collection":[{"href":"https:\/\/bkd.com.mx\/index.php\/wp-json\/wp\/v2\/pages"}],"about":[{"href":"https:\/\/bkd.com.mx\/index.php\/wp-json\/wp\/v2\/types\/page"}],"author":[{"embeddable":true,"href":"https:\/\/bkd.com.mx\/index.php\/wp-json\/wp\/v2\/users\/1"}],"replies":[{"embeddable":true,"href":"https:\/\/bkd.com.mx\/index.php\/wp-json\/wp\/v2\/comments?post=6994"}],"version-history":[{"count":22,"href":"https:\/\/bkd.com.mx\/index.php\/wp-json\/wp\/v2\/pages\/6994\/revisions"}],"predecessor-version":[{"id":7522,"href":"https:\/\/bkd.com.mx\/index.php\/wp-json\/wp\/v2\/pages\/6994\/revisions\/7522"}],"wp:featuredmedia":[{"embeddable":true,"href":"https:\/\/bkd.com.mx\/index.php\/wp-json\/wp\/v2\/media\/7517"}],"wp:attachment":[{"href":"https:\/\/bkd.com.mx\/index.php\/wp-json\/wp\/v2\/media?parent=6994"}],"curies":[{"name":"wp","href":"https:\/\/api.w.org\/{rel}","templated":true}]}}