{"id":8,"date":"2023-05-24T18:19:30","date_gmt":"2023-05-24T18:19:30","guid":{"rendered":"https:\/\/bkd.com.mx\/?page_id=8"},"modified":"2024-04-12T16:56:07","modified_gmt":"2024-04-12T16:56:07","slug":"about","status":"publish","type":"page","link":"https:\/\/bkd.com.mx\/index.php\/about\/","title":{"rendered":"Nosotros"},"content":{"rendered":"\t\t<div data-elementor-type=\"wp-page\" data-elementor-id=\"8\" class=\"elementor elementor-8\">\n\t\t\t\t\t\t<section class=\"elementor-section elementor-top-section elementor-element elementor-element-579b376 elementor-section-boxed elementor-section-height-default elementor-section-height-default\" data-id=\"579b376\" data-element_type=\"section\">\n\t\t\t\t\t\t<div class=\"elementor-container elementor-column-gap-default\">\n\t\t\t\t\t<div class=\"elementor-column elementor-col-50 elementor-top-column elementor-element elementor-element-1e317cbc\" data-id=\"1e317cbc\" data-element_type=\"column\">\n\t\t\t<div class=\"elementor-widget-wrap elementor-element-populated\">\n\t\t\t\t\t\t<div class=\"elementor-element elementor-element-4f6cf8b5 elementor-drop-cap-yes elementor-drop-cap-view-default elementor-widget elementor-widget-text-editor\" data-id=\"4f6cf8b5\" data-element_type=\"widget\" data-settings=\"{&quot;drop_cap&quot;:&quot;yes&quot;}\" data-widget_type=\"text-editor.default\">\n\t\t\t\t<div class=\"elementor-widget-container\">\n\t\t\t\t\t\t\t\t\t<p><\/p>\n<h2 id=\"inspiro-is-a-digital-product-agency-that-focuses-on-strategy-and-design\" class=\"wp-block-heading has-large-font-size\" style=\"font-style: normal;\">\u00bfQui\u00e9nes somos?<\/h2>\n<p><\/p>\n<p><\/p>\n<p>BKD naci\u00f3 de la pasi\u00f3n por el dise\u00f1o y el compromiso de proporcionar acabados de alta calidad que combinan el lujo, el estilo y la funcionalidad.<\/p>\n<p><\/p>\n<p><\/p>\n<p>Nuestra misi\u00f3n es transformar tus espacios con productos que satisfacen tus necesidades y elevan tu calidad de vida.<\/p>\n<p><\/p>\n<p><\/p>\n<p><\/p>\t\t\t\t\t\t\t\t<\/div>\n\t\t\t\t<\/div>\n\t\t\t\t\t<\/div>\n\t\t<\/div>\n\t\t\t\t<div class=\"elementor-column elementor-col-50 elementor-top-column elementor-element elementor-element-a15874d\" data-id=\"a15874d\" data-element_type=\"column\">\n\t\t\t<div class=\"elementor-widget-wrap elementor-element-populated\">\n\t\t\t\t\t\t<div class=\"elementor-element elementor-element-6955019 elementor-drop-cap-yes elementor-drop-cap-view-default elementor-widget elementor-widget-text-editor\" data-id=\"6955019\" data-element_type=\"widget\" data-settings=\"{&quot;drop_cap&quot;:&quot;yes&quot;}\" data-widget_type=\"text-editor.default\">\n\t\t\t\t<div class=\"elementor-widget-container\">\n\t\t\t\t\t\t\t\t\t<p><\/p>\n<h2 id=\"inspiro-is-a-digital-product-agency-that-focuses-on-strategy-and-design\" class=\"wp-block-heading has-large-font-size\" style=\"font-style: normal;\">\u00bfQu\u00e9 hacemos?<\/h2>\n<p><\/p>\n<p><\/p>\n<p>Representamos las marcas m\u00e1s importantes de acabados y equipamiento, nuestro servicio se caracteriza por la atenci\u00f3n al detalle.<\/p>\n<p>Nuestra misi\u00f3n es optimizar y encontrar las mejores soluciones y productos para nuestros clientes, poniendo al servicio del proyecto toda nuestra experiencia y asesor\u00eda.<\/p>\n<p><\/p>\n<p><\/p>\n<p><\/p>\t\t\t\t\t\t\t\t<\/div>\n\t\t\t\t<\/div>\n\t\t\t\t\t<\/div>\n\t\t<\/div>\n\t\t\t\t\t<\/div>\n\t\t<\/section>\n\t\t\t\t<section class=\"elementor-section elementor-top-section elementor-element elementor-element-09a66da elementor-section-boxed elementor-section-height-default elementor-section-height-default\" data-id=\"09a66da\" data-element_type=\"section\">\n\t\t\t\t\t\t<div class=\"elementor-container elementor-column-gap-default\">\n\t\t\t\t\t<div class=\"elementor-column elementor-col-100 elementor-top-column elementor-element elementor-element-a1fd785\" data-id=\"a1fd785\" data-element_type=\"column\">\n\t\t\t<div class=\"elementor-widget-wrap elementor-element-populated\">\n\t\t\t\t\t\t<div class=\"elementor-element elementor-element-a36ea24 elementor-widget elementor-widget-spacer\" data-id=\"a36ea24\" data-element_type=\"widget\" data-widget_type=\"spacer.default\">\n\t\t\t\t<div class=\"elementor-widget-container\">\n\t\t\t\t\t\t\t<div class=\"elementor-spacer\">\n\t\t\t<div class=\"elementor-spacer-inner\"><\/div>\n\t\t<\/div>\n\t\t\t\t\t\t<\/div>\n\t\t\t\t<\/div>\n\t\t\t\t\t<\/div>\n\t\t<\/div>\n\t\t\t\t\t<\/div>\n\t\t<\/section>\n\t\t\t\t<section class=\"elementor-section elementor-top-section elementor-element elementor-element-3b85437 elementor-section-boxed elementor-section-height-default elementor-section-height-default\" data-id=\"3b85437\" data-element_type=\"section\">\n\t\t\t\t\t\t<div class=\"elementor-container elementor-column-gap-default\">\n\t\t\t\t\t<div class=\"elementor-column elementor-col-100 elementor-top-column elementor-element elementor-element-1bb17ce\" data-id=\"1bb17ce\" data-element_type=\"column\">\n\t\t\t<div class=\"elementor-widget-wrap elementor-element-populated\">\n\t\t\t\t\t\t<div class=\"elementor-element elementor-element-873b2b0 elementor-widget__width-initial elementor-widget elementor-widget-image\" data-id=\"873b2b0\" data-element_type=\"widget\" data-widget_type=\"image.default\">\n\t\t\t\t<div class=\"elementor-widget-container\">\n\t\t\t\t\t\t\t\t\t\t\t\t\t\t\t<img fetchpriority=\"high\" decoding=\"async\" width=\"768\" height=\"1152\" src=\"https:\/\/bkd.com.mx\/wp-content\/uploads\/2024\/04\/Adri-Foto-768x1152.jpeg\" class=\"attachment-medium_large size-medium_large wp-image-7594\" alt=\"\" srcset=\"https:\/\/bkd.com.mx\/wp-content\/uploads\/2024\/04\/Adri-Foto-768x1152.jpeg 768w, https:\/\/bkd.com.mx\/wp-content\/uploads\/2024\/04\/Adri-Foto-200x300.jpeg 200w, https:\/\/bkd.com.mx\/wp-content\/uploads\/2024\/04\/Adri-Foto-682x1024.jpeg 682w, https:\/\/bkd.com.mx\/wp-content\/uploads\/2024\/04\/Adri-Foto-600x900.jpeg 600w, https:\/\/bkd.com.mx\/wp-content\/uploads\/2024\/04\/Adri-Foto.jpeg 853w\" sizes=\"100vw\" \/>\t\t\t\t\t\t\t\t\t\t\t\t\t\t\t<\/div>\n\t\t\t\t<\/div>\n\t\t\t\t<div class=\"elementor-element elementor-element-34aa1d0 elementor-widget elementor-widget-wpzoom-elementor-addons-team-members\" data-id=\"34aa1d0\" data-element_type=\"widget\" data-widget_type=\"wpzoom-elementor-addons-team-members.default\">\n\t\t\t\t<div class=\"elementor-widget-container\">\n\t\t\t\t\t\n\t\t\n\t\t<div class=\"wpz-member-body\">\n\t\t\t<h2 class=\"wpz-member-name\">Adriana Ba\u00f1uelos<\/h2>\n\t\t\t\t\t\t\t<div class=\"wpz-member-position\">CEO &amp; Founder<\/div>\n\t\t\t\n\t\t\t\n\t\t\t\n\t\t\t\n\t\t\t\t\t<\/div>\n\t\t\t\t\t\t<\/div>\n\t\t\t\t<\/div>\n\t\t\t\t\t<\/div>\n\t\t<\/div>\n\t\t\t\t\t<\/div>\n\t\t<\/section>\n\t\t\t\t<section class=\"elementor-section elementor-top-section elementor-element elementor-element-a031808 elementor-section-boxed elementor-section-height-default elementor-section-height-default\" data-id=\"a031808\" data-element_type=\"section\">\n\t\t\t\t\t\t<div class=\"elementor-container elementor-column-gap-default\">\n\t\t\t\t\t<div class=\"elementor-column elementor-col-100 elementor-top-column elementor-element elementor-element-f14320e\" data-id=\"f14320e\" data-element_type=\"column\">\n\t\t\t<div class=\"elementor-widget-wrap elementor-element-populated\">\n\t\t\t\t\t\t<div class=\"elementor-element elementor-element-282cc98 elementor-widget elementor-widget-spacer\" data-id=\"282cc98\" data-element_type=\"widget\" data-widget_type=\"spacer.default\">\n\t\t\t\t<div class=\"elementor-widget-container\">\n\t\t\t\t\t\t\t<div class=\"elementor-spacer\">\n\t\t\t<div class=\"elementor-spacer-inner\"><\/div>\n\t\t<\/div>\n\t\t\t\t\t\t<\/div>\n\t\t\t\t<\/div>\n\t\t\t\t\t<\/div>\n\t\t<\/div>\n\t\t\t\t\t<\/div>\n\t\t<\/section>\n\t\t\t\t<\/div>\n\t\t","protected":false},"excerpt":{"rendered":"<p>\u00bfQui\u00e9nes somos? BKD naci\u00f3 de la pasi\u00f3n por el dise\u00f1o y el compromiso de proporcionar acabados de alta calidad que combinan el lujo, el estilo y la funcionalidad. Nuestra misi\u00f3n es transformar tus espacios con productos que satisfacen tus necesidades y elevan tu calidad de vida. \u00bfQu\u00e9 hacemos? Representamos las marcas m\u00e1s importantes de acabados &hellip; <\/p>\n<p class=\"link-more\"><a href=\"https:\/\/bkd.com.mx\/index.php\/about\/\" class=\"more-link\">Read more<span class=\"screen-reader-text\"> &#8220;Nosotros&#8221;<\/span><\/a><\/p>\n","protected":false},"author":1,"featured_media":7070,"parent":0,"menu_order":0,"comment_status":"closed","ping_status":"closed","template":"","meta":{"footnotes":""},"featured_media_urls":{"thumbnail":["https:\/\/bkd.com.mx\/wp-content\/uploads\/2023\/11\/carlos-masias-yg8zkwBS30Q-unsplash-150x150.jpg",150,150,true],"medium":["https:\/\/bkd.com.mx\/wp-content\/uploads\/2023\/11\/carlos-masias-yg8zkwBS30Q-unsplash-300x169.jpg",300,169,true],"medium_large":["https:\/\/bkd.com.mx\/wp-content\/uploads\/2023\/11\/carlos-masias-yg8zkwBS30Q-unsplash-768x432.jpg",768,432,true],"large":["https:\/\/bkd.com.mx\/wp-content\/uploads\/2023\/11\/carlos-masias-yg8zkwBS30Q-unsplash-1024x576.jpg",950,534,true],"1536x1536":["https:\/\/bkd.com.mx\/wp-content\/uploads\/2023\/11\/carlos-masias-yg8zkwBS30Q-unsplash-1536x864.jpg",1536,864,true],"2048x2048":["https:\/\/bkd.com.mx\/wp-content\/uploads\/2023\/11\/carlos-masias-yg8zkwBS30Q-unsplash-2048x1152.jpg",2048,1152,true],"inspiro-featured-image":["https:\/\/bkd.com.mx\/wp-content\/uploads\/2023\/11\/carlos-masias-yg8zkwBS30Q-unsplash-2000x1125.jpg",2000,1125,true],"inspiro-loop":["https:\/\/bkd.com.mx\/wp-content\/uploads\/2023\/11\/carlos-masias-yg8zkwBS30Q-unsplash-950x320.jpg",950,320,true],"inspiro-loop@2x":["https:\/\/bkd.com.mx\/wp-content\/uploads\/2023\/11\/carlos-masias-yg8zkwBS30Q-unsplash-1900x640.jpg",1900,640,true],"portfolio_item-thumbnail":["https:\/\/bkd.com.mx\/wp-content\/uploads\/2023\/11\/carlos-masias-yg8zkwBS30Q-unsplash-600x400.jpg",600,400,true],"portfolio_item-thumbnail@2x":["https:\/\/bkd.com.mx\/wp-content\/uploads\/2023\/11\/carlos-masias-yg8zkwBS30Q-unsplash-1200x800.jpg",1200,800,true],"portfolio_item-masonry":["https:\/\/bkd.com.mx\/wp-content\/uploads\/2023\/11\/carlos-masias-yg8zkwBS30Q-unsplash-600x338.jpg",600,338,true],"portfolio_item-masonry@2x":["https:\/\/bkd.com.mx\/wp-content\/uploads\/2023\/11\/carlos-masias-yg8zkwBS30Q-unsplash-1200x675.jpg",1200,675,true],"portfolio_item-thumbnail_cinema":["https:\/\/bkd.com.mx\/wp-content\/uploads\/2023\/11\/carlos-masias-yg8zkwBS30Q-unsplash-800x335.jpg",800,335,true],"portfolio_item-thumbnail_portrait":["https:\/\/bkd.com.mx\/wp-content\/uploads\/2023\/11\/carlos-masias-yg8zkwBS30Q-unsplash-600x900.jpg",600,900,true],"portfolio_item-thumbnail_portrait@2x":["https:\/\/bkd.com.mx\/wp-content\/uploads\/2023\/11\/carlos-masias-yg8zkwBS30Q-unsplash-1200x1800.jpg",1200,1800,true],"portfolio_item-thumbnail_square":["https:\/\/bkd.com.mx\/wp-content\/uploads\/2023\/11\/carlos-masias-yg8zkwBS30Q-unsplash-800x800.jpg",800,800,true]},"_links":{"self":[{"href":"https:\/\/bkd.com.mx\/index.php\/wp-json\/wp\/v2\/pages\/8"}],"collection":[{"href":"https:\/\/bkd.com.mx\/index.php\/wp-json\/wp\/v2\/pages"}],"about":[{"href":"https:\/\/bkd.com.mx\/index.php\/wp-json\/wp\/v2\/types\/page"}],"author":[{"embeddable":true,"href":"https:\/\/bkd.com.mx\/index.php\/wp-json\/wp\/v2\/users\/1"}],"replies":[{"embeddable":true,"href":"https:\/\/bkd.com.mx\/index.php\/wp-json\/wp\/v2\/comments?post=8"}],"version-history":[{"count":54,"href":"https:\/\/bkd.com.mx\/index.php\/wp-json\/wp\/v2\/pages\/8\/revisions"}],"predecessor-version":[{"id":7606,"href":"https:\/\/bkd.com.mx\/index.php\/wp-json\/wp\/v2\/pages\/8\/revisions\/7606"}],"wp:featuredmedia":[{"embeddable":true,"href":"https:\/\/bkd.com.mx\/index.php\/wp-json\/wp\/v2\/media\/7070"}],"wp:attachment":[{"href":"https:\/\/bkd.com.mx\/index.php\/wp-json\/wp\/v2\/media?parent=8"}],"curies":[{"name":"wp","href":"https:\/\/api.w.org\/{rel}","templated":true}]}}